{"id":17,"date":"2019-02-13T11:22:15","date_gmt":"2019-02-13T10:22:15","guid":{"rendered":"https:\/\/w-wie-umwelt.de\/?page_id=17"},"modified":"2019-09-03T09:58:33","modified_gmt":"2019-09-03T07:58:33","slug":"faqs","status":"publish","type":"page","link":"https:\/\/w-wie-umwelt.de\/index.php\/faqs\/","title":{"rendered":"FAQs"},"content":{"rendered":"<p>[vc_row full_width=&#8220;stretch_row&#8220; awb_type=&#8220;image&#8220; awb_image_background_position=&#8220;50% 50%&#8220; awb_color=&#8220;rgba(0,0,0,0.16)&#8220; kswr_row_top_decor_enabled=&#8220;false&#8220; kswr_row_bottom_decor_enabled=&#8220;false&#8220; awb_image=&#8220;1725&#8243; el_class=&#8220;row-header&#8220;][vc_column kswr_column_minheight_enable=&#8220;on&#8220; kswr_column_minheight=&#8220;500&#8243; el_class=&#8220;header-pages&#8220;]<div class=\"fl_custom_text__block vc_custom_1556180760508 h1-header\" style=font-size:50px; ><h1 style=\"text-align: center;\">FAQ\u00b4s<\/h1>\n<\/div>[\/vc_column][\/vc_row][vc_row full_width=&#8220;stretch_row&#8220; kswr_row_top_decor_enabled=&#8220;false&#8220; kswr_row_bottom_decor_enabled=&#8220;false&#8220; css=&#8220;.vc_custom_1556173364851{margin-bottom: 90px !important;}&#8220;][vc_column]<div class=\"fl_custom_text__block bread-crumb\"  ><p style=\"text-align: center;\">        <div class=\"breadcrumb-container theme1\">\r\n                    <ol>\r\n                    <\/ol>\r\n            <script type=\"application\/ld+json\">\r\n        {\r\n            \"@context\": \"http:\/\/schema.org\",\r\n            \"@type\": \"BreadcrumbList\",\r\n            \"itemListElement\":\r\n            [\r\n                            ]\r\n        }\r\n    <\/script>\r\n        <style type=\"text\/css\">\r\n        .breadcrumb-container {\r\n            font-size: 13px;\r\n        }\r\n        .breadcrumb-container ul {\r\n            margin: 0;\r\n            padding: 0;\r\n        }\r\n        .breadcrumb-container li {\r\n            box-sizing: unset;\r\n            display: inline-block;\r\n            margin: 0;\r\n            padding: 0;\r\n        }\r\n        .breadcrumb-container li a {\r\n            box-sizing: unset;\r\n            padding: 0 10px;\r\n        }\r\n        .breadcrumb-container {\r\n            font-size: 18px  !important;\r\n            padding: 10px;\r\n            margin: 10px;\r\n        }\r\n        .breadcrumb-container li a{\r\n            color:  #006ab4  !important;\r\n            font-size:  18px  !important;\r\n            line-height:  18px  !important;\r\n        }\r\n        .breadcrumb-container li .separator {\r\n            color: #1C1C1C  !important;\r\n            font-size:  18px  !important;\r\n        }\r\n                    .breadcrumb-container li:last-child .separator {\r\n                display: none;\r\n            }\r\n                <\/style>\r\n        <style type=\"text\/css\">\r\n        .breadcrumb-container.theme1 li {\r\n            margin: 0;\r\n            padding: 0;\r\n        }\r\n        .breadcrumb-container.theme1 a {\r\n            background: ;\r\n            display: inline-block;\r\n            margin: 0 5px;\r\n            padding: 5px 10px;\r\n            text-decoration: none;\r\n        }\r\n    <\/style>\r\n        <style type=\"text\/css\">\r\n        .breadcrumb-container{}\r\n.breadcrumb-container ul{}\r\n.breadcrumb-container li{}\r\n.breadcrumb-container a{}\r\n.breadcrumb-container .separator{}\r\n    <\/style>\r\n    <script>\r\n            <\/script>\r\n            <\/div>\n<\/div>[\/vc_column][\/vc_row][vc_row full_width=&#8220;stretch_row&#8220; kswr_row_top_decor_enabled=&#8220;false&#8220; kswr_row_bottom_decor_enabled=&#8220;false&#8220;][vc_column][vc_tta_accordion shape=&#8220;square&#8220; gap=&#8220;15&#8243; c_icon=&#8220;chevron&#8220; c_position=&#8220;right&#8220; active_section=&#8220;1&#8243; no_fill=&#8220;true&#8220; collapsible_all=&#8220;true&#8220;][vc_tta_section title=&#8220;welche arten von verunreinigungen entfernen bypass-filter?&#8220; tab_id=&#8220;1552989815958-b885a67f-d5eb&#8220;]<div class=\"fl_custom_text__block\" style=line-height:25px; ><p>Unsere <a href=\"https:\/\/www.ecofil.sk\/\">ECOFIL<\/a>-Filterelemente entfernen Wasser, Schlamm, Harze und verschiedene Oxidationsr\u00fcckst\u00e4nde, die sich durch Abrieb und Kondenzwasser bilden.<\/p>\n<\/div>[\/vc_tta_section][vc_tta_section title=&#8220;welchen mehrwert bringt eine \u00f6l-analyse?&#8220; tab_id=&#8220;1552989815967-35e62e7f-8d51&#8243;]<div class=\"fl_custom_text__block\" style=line-height:25px; ><p>\u00d6l muss vor dem Reinigen auf verschiedene Verschmutzungsgrade und R\u00fcckst\u00e4nde analysiert werden. Nur dadurch kann eine effiziente \u00d6l-Filtration mit den richtigen Ger\u00e4ten erfolgen.<\/p>\n<\/div>[\/vc_tta_section][vc_tta_section title=&#8220;wann sollte man eine \u00d6l-Analyse durchf\u00fchren?&#8220; tab_id=&#8220;1556026708290-8fb67758-2ba2&#8243;]<div class=\"fl_custom_text__block\" style=line-height:25px; ><p>Eine \u00d6l-Analyse kann zu jeder Zeit durchgef\u00fchrt werden, um die Partikelanzahl, den Wasser- und S\u00e4uregehalt sowie die Viskosit\u00e4t des \u00d6ls zu \u00fcberpr\u00fcfen. Vor dem ersten Einbau eines Filtersystems sollte das \u00d6l jedoch auf seine Beschaffenheit analysiert werden, um den richtigen Filter auszuw\u00e4hlen.<\/p>\n<\/div>[\/vc_tta_section][vc_tta_section title=&#8220;aus welchem material bestehen die filterelemente?&#8220; tab_id=&#8220;1552991995344-3a98d000-9bb8&#8243;]<div class=\"fl_custom_text__block\" style=line-height:25px; ><p>Die Filterelemente bestehen \u00a0standardgem\u00e4\u00df aus Cellulose oder Polypropylen f\u00fcr wassermischbare \u00d6le wie Bohr- und Schneide\u00f6l.<\/p>\n<\/div>[\/vc_tta_section][vc_tta_section title=&#8220;behindern filter die garantieleistungen meiner maschine?&#8220; tab_id=&#8220;1552992149733-229f73b5-7229&#8243;]<div class=\"fl_custom_text__block\" style=line-height:25px; ><p>Bitte erfragen Sie diese Information beim Hersteller Ihrer Maschine.<\/p>\n<\/div>[\/vc_tta_section][vc_tta_section title=&#8220;wird die leistung meiner maschine durch die filteranlagen beeinflusst?&#8220; tab_id=&#8220;1552996044981-93942f1e-2bc8&#8243;]<div class=\"fl_custom_text__block\" style=line-height:25px; ><p>Nein, ganz im Gegenteil. Durch unsere Filtersysteme und das saubere, gefilterte \u00d6l wird die Leistung der Maschine sogar verbessert.<\/p>\n<\/div>[\/vc_tta_section][vc_tta_section title=&#8220;wodurch wird ein hydraulik\u00f6l unbrauchbar?&#8220; tab_id=&#8220;1556027107080-61ef4dec-3469&#8243;]<div class=\"fl_custom_text__block\" style=line-height:25px; ><p>Ein Hydraulik\u00f6l wird durch gro\u00dfe Reibung und Hitzeeinwirkung verbrannt und dadurch wertlos, weil es an Schmierf\u00e4higkeit verliert.<\/p>\n<\/div>[\/vc_tta_section][vc_tta_section title=&#8220;warum m\u00fcssen ein \u00d6le \u00fcberhaupt gefiltert werden?&#8220; tab_id=&#8220;1556026931057-cd73d60a-31c2&#8243;]<div class=\"fl_custom_text__block\" style=line-height:25px; ><p>Es ist wichtig, \u00d6le in der Maschine zu filtern. Ein kontaminiertes \u00d6l f\u00fchrt langsam zum Ausfall einer Maschine. Dagegen dient ein klares und sauberes \u00d6l einer Hydraulikanlage ein Leben lang.<\/p>\n<\/div>[\/vc_tta_section][vc_tta_section title=&#8220;wie schadet kontaminiertes hydraulik\u00f6l einer maschine?&#8220; tab_id=&#8220;1556027186181-4aa86fa5-22ef&#8220;]<div class=\"fl_custom_text__block\" style=line-height:25px; ><p>Staub und kleinste Metallpartikel im verunreinigten \u00d6l k\u00f6nnen durch den hohen Druck im Hydrauliksystem (150-600 bar) irreparable Sch\u00e4den im Inneren der Maschine anrichten. Zum Vergleich: ein Sandstrahler arbeitet mit lediglich 6-8 bar.<\/p>\n<\/div>[\/vc_tta_section][vc_tta_section title=&#8220;schadet ein mit schmutzpartikel ges\u00e4ttigter ecofil filter meiner hydraulik?&#8220; tab_id=&#8220;1556027401794-4c5198ad-f206&#8243;]<div class=\"fl_custom_text__block\" style=line-height:25px; ><p>Nein, im Gegenteil. Die Schmutzpartikel werden in der Filterpatrone festgehalten und k\u00f6nnen somit nicht in die Maschine gelangen.<\/p>\n<\/div>[\/vc_tta_section][vc_tta_section title=&#8220;wodurch kann wasser in das hydraulik\u00f6l einer maschine gelangen?&#8220; tab_id=&#8220;1556027545708-feb55774-5ecb&#8220;]<div class=\"fl_custom_text__block\" style=line-height:25px; ><p>Durch undichte \u00d6lk\u00fchler\/-beh\u00e4lter und gro\u00dfes Kondenzwasseraufkommen kann Wasser in die Hydraulikanlage gelangen. Dies ist vor allen Dingen der Fall, wenn eine Maschine bei Minus-Temperaturen in Betrieb genommen wird. Zudem k\u00f6nnen besch\u00e4digte Tankdeckel und Tankentl\u00fcftungsfilter die Ursache f\u00fcr Wasser in der Hydraulik sein.<\/p>\n<\/div>[\/vc_tta_section][vc_tta_section title=&#8220;wo k\u00f6nnen alte filterelemente entsorgt werden?&#8220; tab_id=&#8220;1552992058671-069c9530-e969&#8243;]<div class=\"fl_custom_text__block\" style=line-height:25px; ><p>Alte Filterelemente k\u00f6nnen bei jeder Alt\u00f6l-Annahmestelle entsorgt werden.<\/p>\n<\/div>[\/vc_tta_section][\/vc_tta_accordion][\/vc_column][\/vc_row]<\/p>\n","protected":false},"excerpt":{"rendered":"<p>Sollten Sie noch Fragen zu Filtersystemen und der Filtration von \u00d6l haben, finden Sie in unseren FAQs hilfreiche Antworten. <\/p>\n","protected":false},"author":1,"featured_media":0,"parent":0,"menu_order":0,"comment_status":"closed","ping_status":"closed","template":"","meta":{"footnotes":""},"class_list":["post-17","page","type-page","status-publish","hentry"],"_links":{"self":[{"href":"https:\/\/w-wie-umwelt.de\/index.php\/wp-json\/wp\/v2\/pages\/17","targetHints":{"allow":["GET"]}}],"collection":[{"href":"https:\/\/w-wie-umwelt.de\/index.php\/wp-json\/wp\/v2\/pages"}],"about":[{"href":"https:\/\/w-wie-umwelt.de\/index.php\/wp-json\/wp\/v2\/types\/page"}],"author":[{"embeddable":true,"href":"https:\/\/w-wie-umwelt.de\/index.php\/wp-json\/wp\/v2\/users\/1"}],"replies":[{"embeddable":true,"href":"https:\/\/w-wie-umwelt.de\/index.php\/wp-json\/wp\/v2\/comments?post=17"}],"version-history":[{"count":42,"href":"https:\/\/w-wie-umwelt.de\/index.php\/wp-json\/wp\/v2\/pages\/17\/revisions"}],"predecessor-version":[{"id":2433,"href":"https:\/\/w-wie-umwelt.de\/index.php\/wp-json\/wp\/v2\/pages\/17\/revisions\/2433"}],"wp:attachment":[{"href":"https:\/\/w-wie-umwelt.de\/index.php\/wp-json\/wp\/v2\/media?parent=17"}],"curies":[{"name":"wp","href":"https:\/\/api.w.org\/{rel}","templated":true}]}}