{"id":2230,"date":"2019-04-29T11:19:58","date_gmt":"2019-04-29T09:19:58","guid":{"rendered":"https:\/\/w-wie-umwelt.de\/?page_id=2230"},"modified":"2019-09-02T15:30:10","modified_gmt":"2019-09-02T13:30:10","slug":"downloads","status":"publish","type":"page","link":"https:\/\/w-wie-umwelt.de\/index.php\/downloads\/","title":{"rendered":"Downloads"},"content":{"rendered":"<p>[vc_row full_width=&#8220;stretch_row&#8220; awb_type=&#8220;image&#8220; awb_stretch=&#8220;1&#8243; awb_image_background_position=&#8220;50% 50%&#8220; awb_parallax=&#8220;scroll&#8220; awb_parallax_speed=&#8220;0.5&#8243; awb_parallax_mobile=&#8220;1&#8243; el_class=&#8220;row-header&#8220; awb_image=&#8220;1713&#8243; kswr_row_top_decor_enabled=&#8220;false&#8220; kswr_row_bottom_decor_enabled=&#8220;false&#8220;][vc_column kswr_column_minheight_enable=&#8220;on&#8220; kswr_column_minheight=&#8220;500&#8243; el_class=&#8220;header-pages&#8220;]<div class=\"fl_custom_text__block vc_custom_1556615846318 h1-header\" style=font-size:70px; ><h1 style=\"text-align: center; hyphens: none !important;\">Downloads<\/h1>\n<\/div>[\/vc_column][\/vc_row][vc_row full_width=&#8220;stretch_row&#8220; css=&#8220;.vc_custom_1556616625832{margin-top: 20px !important;margin-bottom: 90px !important;}&#8220; kswr_row_top_decor_enabled=&#8220;false&#8220; kswr_row_bottom_decor_enabled=&#8220;false&#8220;][vc_column]<div class=\"fl_custom_text__block bread-crumbs\"  ><p style=\"text-align: center;\">        <div class=\"breadcrumb-container theme1\">\r\n                    <ol>\r\n                    <\/ol>\r\n            <script type=\"application\/ld+json\">\r\n        {\r\n            \"@context\": \"http:\/\/schema.org\",\r\n            \"@type\": \"BreadcrumbList\",\r\n            \"itemListElement\":\r\n            [\r\n                            ]\r\n        }\r\n    <\/script>\r\n        <style type=\"text\/css\">\r\n        .breadcrumb-container {\r\n            font-size: 13px;\r\n        }\r\n        .breadcrumb-container ul {\r\n            margin: 0;\r\n            padding: 0;\r\n        }\r\n        .breadcrumb-container li {\r\n            box-sizing: unset;\r\n            display: inline-block;\r\n            margin: 0;\r\n            padding: 0;\r\n        }\r\n        .breadcrumb-container li a {\r\n            box-sizing: unset;\r\n            padding: 0 10px;\r\n        }\r\n        .breadcrumb-container {\r\n            font-size: 18px  !important;\r\n            padding: 10px;\r\n            margin: 10px;\r\n        }\r\n        .breadcrumb-container li a{\r\n            color:  #006ab4  !important;\r\n            font-size:  18px  !important;\r\n            line-height:  18px  !important;\r\n        }\r\n        .breadcrumb-container li .separator {\r\n            color: #1C1C1C  !important;\r\n            font-size:  18px  !important;\r\n        }\r\n                    .breadcrumb-container li:last-child .separator {\r\n                display: none;\r\n            }\r\n                <\/style>\r\n        <style type=\"text\/css\">\r\n        .breadcrumb-container.theme1 li {\r\n            margin: 0;\r\n            padding: 0;\r\n        }\r\n        .breadcrumb-container.theme1 a {\r\n            background: ;\r\n            display: inline-block;\r\n            margin: 0 5px;\r\n            padding: 5px 10px;\r\n            text-decoration: none;\r\n        }\r\n    <\/style>\r\n        <style type=\"text\/css\">\r\n        .breadcrumb-container{}\r\n.breadcrumb-container ul{}\r\n.breadcrumb-container li{}\r\n.breadcrumb-container a{}\r\n.breadcrumb-container .separator{}\r\n    <\/style>\r\n    <script>\r\n            <\/script>\r\n            <\/div>\n<\/div>[\/vc_column][\/vc_row][vc_row full_width=&#8220;stretch_row&#8220; kswr_row_top_decor_enabled=&#8220;false&#8220; kswr_row_bottom_decor_enabled=&#8220;false&#8220;][vc_column]<div class=\"fl_custom_text__block vc_custom_1556529669379\"  ><p>Hier stehen Gebrauchsanleitungen f\u00fcr verschiedene Filtersysteme f\u00fcr Sie zum Download bereit. Diese sind momentan nur auf Englisch verf\u00fcgbar.<\/p>\n<\/div>[vc_tta_accordion shape=&#8220;square&#8220; gap=&#8220;15&#8243; c_icon=&#8220;chevron&#8220; c_position=&#8220;right&#8220; active_section=&#8220;1&#8243; no_fill=&#8220;true&#8220; collapsible_all=&#8220;true&#8220;][vc_tta_section title=&#8220;Bedienungsanleitung Filtergeh\u00e4use H35&#8243; tab_id=&#8220;1556529776155-46d2c3b8-8035&#8243;]<div class=\"fl_custom_text__block\"  ><p>Hier finden Sie die Gebrauchsanleitung des Filtergeh\u00e4uses H35 mit allen technischen Daten.<\/p>\n<div class=\"sdm_download_button_box_default\"><div class=\"sdm_download_link\"><a href=\"https:\/\/w-wie-umwelt.de\/?smd_process_download=1&download_id=2267\" class=\"sdm_download white\" title=\"Download Gebrauchsanleitung H35\" >Download Gebrauchsanleitung H35<\/a><\/div><\/div>\n<\/div>[\/vc_tta_section][vc_tta_section title=&#8220;Bedienungsanleitung Filtergeh\u00e4use T35&#8243; tab_id=&#8220;1556529776165-9c9acc86-3f0c&#8220;]<div class=\"fl_custom_text__block\"  ><p>Hier finden sie die Gebrauchsanleitung des Filtergeh\u00e4uses T35 mit allen technischen Daten.<\/p>\n<div class=\"sdm_download_button_box_default\"><div class=\"sdm_download_link\"><a href=\"https:\/\/w-wie-umwelt.de\/?smd_process_download=1&download_id=2271\" class=\"sdm_download white\" title=\"Download Gebrauchsanleitung T35\" >Download Gebrauchsanleitung T35<\/a><\/div><\/div>\n<\/div>[\/vc_tta_section][\/vc_tta_accordion][\/vc_column][\/vc_row]<\/p>\n","protected":false},"excerpt":{"rendered":"<p>Wenn Sie Hilfe beim Aufbau und der Installation von Filtergeh\u00e4usen ben\u00f6tigen, finden Sie hier zugeh\u00f6rige Gebrauchsanleitungen.<\/p>\n","protected":false},"author":1,"featured_media":0,"parent":0,"menu_order":0,"comment_status":"closed","ping_status":"closed","template":"","meta":{"footnotes":""},"class_list":["post-2230","page","type-page","status-publish","hentry"],"_links":{"self":[{"href":"https:\/\/w-wie-umwelt.de\/index.php\/wp-json\/wp\/v2\/pages\/2230","targetHints":{"allow":["GET"]}}],"collection":[{"href":"https:\/\/w-wie-umwelt.de\/index.php\/wp-json\/wp\/v2\/pages"}],"about":[{"href":"https:\/\/w-wie-umwelt.de\/index.php\/wp-json\/wp\/v2\/types\/page"}],"author":[{"embeddable":true,"href":"https:\/\/w-wie-umwelt.de\/index.php\/wp-json\/wp\/v2\/users\/1"}],"replies":[{"embeddable":true,"href":"https:\/\/w-wie-umwelt.de\/index.php\/wp-json\/wp\/v2\/comments?post=2230"}],"version-history":[{"count":25,"href":"https:\/\/w-wie-umwelt.de\/index.php\/wp-json\/wp\/v2\/pages\/2230\/revisions"}],"predecessor-version":[{"id":2423,"href":"https:\/\/w-wie-umwelt.de\/index.php\/wp-json\/wp\/v2\/pages\/2230\/revisions\/2423"}],"wp:attachment":[{"href":"https:\/\/w-wie-umwelt.de\/index.php\/wp-json\/wp\/v2\/media?parent=2230"}],"curies":[{"name":"wp","href":"https:\/\/api.w.org\/{rel}","templated":true}]}}