{"id":517,"date":"2019-03-13T12:14:44","date_gmt":"2019-03-13T11:14:44","guid":{"rendered":"https:\/\/w-wie-umwelt.de\/?page_id=517"},"modified":"2019-04-26T07:50:23","modified_gmt":"2019-04-26T05:50:23","slug":"magnetfiltration","status":"publish","type":"page","link":"https:\/\/w-wie-umwelt.de\/index.php\/produkte\/magnetfiltration\/","title":{"rendered":"Magnetfiltration"},"content":{"rendered":"<p>[vc_row full_width=&#8220;stretch_row&#8220; awb_type=&#8220;image&#8220; awb_image_background_position=&#8220;50% 50%&#8220; awb_color=&#8220;rgba(28,28,28,0.36)&#8220; awb_image=&#8220;1894&#8243; kswr_row_top_decor_enabled=&#8220;false&#8220; kswr_row_bottom_decor_enabled=&#8220;false&#8220; el_class=&#8220;row-header&#8220;][vc_column kswr_column_minheight_enable=&#8220;on&#8220; kswr_column_minheight=&#8220;500&#8243; el_class=&#8220;header-pages&#8220;]<div class=\"fl_custom_text__block vc_custom_1556180937397 h1-header\" style=font-size:70px; ><h1 style=\"text-align: center;\">Magnet\u00adfiltration<\/h1>\n<\/div>[\/vc_column][\/vc_row][vc_row css=&#8220;.vc_custom_1556174420043{margin-bottom: 90px !important;}&#8220; kswr_row_top_decor_enabled=&#8220;false&#8220; kswr_row_bottom_decor_enabled=&#8220;false&#8220;][vc_column css=&#8220;.vc_custom_1555330249247{margin-top: 20px !important;}&#8220;]<div class=\"fl_custom_text__block\"  ><p style=\"text-align: center;\">        <div class=\"breadcrumb-container theme1\">\r\n                    <ol>\r\n                    <\/ol>\r\n            <script type=\"application\/ld+json\">\r\n        {\r\n            \"@context\": \"http:\/\/schema.org\",\r\n            \"@type\": \"BreadcrumbList\",\r\n            \"itemListElement\":\r\n            [\r\n                            ]\r\n        }\r\n    <\/script>\r\n        <style type=\"text\/css\">\r\n        .breadcrumb-container {\r\n            font-size: 13px;\r\n        }\r\n        .breadcrumb-container ul {\r\n            margin: 0;\r\n            padding: 0;\r\n        }\r\n        .breadcrumb-container li {\r\n            box-sizing: unset;\r\n            display: inline-block;\r\n            margin: 0;\r\n            padding: 0;\r\n        }\r\n        .breadcrumb-container li a {\r\n            box-sizing: unset;\r\n            padding: 0 10px;\r\n        }\r\n        .breadcrumb-container {\r\n            font-size: 18px  !important;\r\n            padding: 10px;\r\n            margin: 10px;\r\n        }\r\n        .breadcrumb-container li a{\r\n            color:  #006ab4  !important;\r\n            font-size:  18px  !important;\r\n            line-height:  18px  !important;\r\n        }\r\n        .breadcrumb-container li .separator {\r\n            color: #1C1C1C  !important;\r\n            font-size:  18px  !important;\r\n        }\r\n                    .breadcrumb-container li:last-child .separator {\r\n                display: none;\r\n            }\r\n                <\/style>\r\n        <style type=\"text\/css\">\r\n        .breadcrumb-container.theme1 li {\r\n            margin: 0;\r\n            padding: 0;\r\n        }\r\n        .breadcrumb-container.theme1 a {\r\n            background: ;\r\n            display: inline-block;\r\n            margin: 0 5px;\r\n            padding: 5px 10px;\r\n            text-decoration: none;\r\n        }\r\n    <\/style>\r\n        <style type=\"text\/css\">\r\n        .breadcrumb-container{}\r\n.breadcrumb-container ul{}\r\n.breadcrumb-container li{}\r\n.breadcrumb-container a{}\r\n.breadcrumb-container .separator{}\r\n    <\/style>\r\n    <script>\r\n            <\/script>\r\n            <\/div>\n<\/div>[\/vc_column][\/vc_row][vc_row full_width=&#8220;stretch_row&#8220; equal_height=&#8220;yes&#8220; kswr_row_top_decor_enabled=&#8220;false&#8220; kswr_row_bottom_decor_enabled=&#8220;false&#8220;][vc_column width=&#8220;1\/2&#8243;][vc_single_image image=&#8220;1964&#8243; alignment=&#8220;center&#8220; animation=&#8220;none&#8220; class=&#8220;product-image&#8220;][\/vc_column][vc_column width=&#8220;1\/2&#8243;]<div class=\"fl_custom_text__block vc_custom_1556106007644\"  ><p><strong>Magnetscheider<\/strong><\/p>\n<p>Das Filtersystem ist daf\u00fcr ausgelegt, \u00d6l von mechanischen, ferromagnetischen Verunreinigungen zu trennen. Der Magnetabscheider wird in den Bypass des voll automatisierten Zentralsystems integriert. Die Verwendung mit <a href=\"https:\/\/ecofil.sk\/index.php\">ECOFIL<\/a>-Filtration garantiert die Reinigung der \u00d6lsorten 3-4 durch NAS. Dieser Wert ist niedriger als der von herk\u00f6mmlichem, neuem \u00d6l.<\/p>\n<\/div>[\/vc_column][vc_column width=&#8220;1\/2&#8243;][vc_single_image image=&#8220;1966&#8243; alignment=&#8220;center&#8220; animation=&#8220;none&#8220; class=&#8220;product-image&#8220;][\/vc_column][vc_column width=&#8220;1\/2&#8243;]<div class=\"fl_custom_text__block vc_custom_1556257822786\"  ><p><strong>Magnetfilter<\/strong><\/p>\n<p>Der Magnetfilter MF 10&#8243; ist ein Vollstromfilter, der ferromagnetische Mikropartikel vom System trennt. Der Filter enth\u00e4lt einen Magneten mit einer Kraft von 0,9 T. Der Filter wird vor dem Eintritt in das Ger\u00e4t in den Durchfluss integriert. Durch das Auffangen ferromagnetischer Partikel auf dem Magneten ist eine \u00d6lverunreinigung sichtbar. Das Ventil muss sowohl vor als auch hinter dem Filter platziert werden. Nach dem Schlie\u00dfen der Ventile muss der Filter mit einem Ablassventil entleert werden. Nachdem der Magnet entfernt wurde, k\u00f6nnen die ferromagnetischen Partikel mit einem Plastikrakel entfernt werden.<\/p>\n<\/div>[\/vc_column][\/vc_row][vc_row][vc_column width=&#8220;1\/3&#8243;][\/vc_column][vc_column width=&#8220;1\/3&#8243;][\/vc_column][vc_column width=&#8220;1\/3&#8243;][\/vc_column][vc_column][\/vc_column][\/vc_row]<\/p>\n","protected":false},"excerpt":{"rendered":"<p>Hier finden Sie Produkte zum Thema Magnetfiltration.<\/p>\n","protected":false},"author":1,"featured_media":0,"parent":15,"menu_order":0,"comment_status":"closed","ping_status":"closed","template":"","meta":{"footnotes":""},"class_list":["post-517","page","type-page","status-publish","hentry"],"_links":{"self":[{"href":"https:\/\/w-wie-umwelt.de\/index.php\/wp-json\/wp\/v2\/pages\/517","targetHints":{"allow":["GET"]}}],"collection":[{"href":"https:\/\/w-wie-umwelt.de\/index.php\/wp-json\/wp\/v2\/pages"}],"about":[{"href":"https:\/\/w-wie-umwelt.de\/index.php\/wp-json\/wp\/v2\/types\/page"}],"author":[{"embeddable":true,"href":"https:\/\/w-wie-umwelt.de\/index.php\/wp-json\/wp\/v2\/users\/1"}],"replies":[{"embeddable":true,"href":"https:\/\/w-wie-umwelt.de\/index.php\/wp-json\/wp\/v2\/comments?post=517"}],"version-history":[{"count":47,"href":"https:\/\/w-wie-umwelt.de\/index.php\/wp-json\/wp\/v2\/pages\/517\/revisions"}],"predecessor-version":[{"id":2165,"href":"https:\/\/w-wie-umwelt.de\/index.php\/wp-json\/wp\/v2\/pages\/517\/revisions\/2165"}],"up":[{"embeddable":true,"href":"https:\/\/w-wie-umwelt.de\/index.php\/wp-json\/wp\/v2\/pages\/15"}],"wp:attachment":[{"href":"https:\/\/w-wie-umwelt.de\/index.php\/wp-json\/wp\/v2\/media?parent=517"}],"curies":[{"name":"wp","href":"https:\/\/api.w.org\/{rel}","templated":true}]}}