{"id":518,"date":"2019-03-13T12:13:31","date_gmt":"2019-03-13T11:13:31","guid":{"rendered":"https:\/\/w-wie-umwelt.de\/?page_id=518"},"modified":"2019-09-02T15:16:24","modified_gmt":"2019-09-02T13:16:24","slug":"dienstleistungen","status":"publish","type":"page","link":"https:\/\/w-wie-umwelt.de\/index.php\/produkte\/dienstleistungen\/","title":{"rendered":"Dienstleistungen"},"content":{"rendered":"<p>[vc_row full_width=&#8220;stretch_row&#8220; awb_type=&#8220;image&#8220; awb_image_background_position=&#8220;50% 50%&#8220; awb_color=&#8220;rgba(10,10,10,0.46)&#8220; awb_parallax=&#8220;scroll&#8220; awb_parallax_speed=&#8220;0.5&#8243; awb_image=&#8220;1866&#8243; kswr_row_top_decor_enabled=&#8220;false&#8220; kswr_row_bottom_decor_enabled=&#8220;false&#8220; el_class=&#8220;row-header&#8220;][vc_column kswr_column_minheight_enable=&#8220;on&#8220; kswr_column_minheight=&#8220;500&#8243; el_class=&#8220;header-pages&#8220;]<div class=\"fl_custom_text__block vc_custom_1556282759052 h1-header\" style=font-size:70px; ><h1 style=\"text-align: center;\">Dienst\u00ad\u00adleis\u00adtung\u00aden<\/h1>\n<\/div>[\/vc_column][\/vc_row][vc_row css=&#8220;.vc_custom_1556174497198{margin-bottom: 90px !important;}&#8220; kswr_row_top_decor_enabled=&#8220;false&#8220; kswr_row_bottom_decor_enabled=&#8220;false&#8220;][vc_column]<div class=\"fl_custom_text__block\"  ><p style=\"text-align: center;\">        <div class=\"breadcrumb-container theme1\">\r\n                    <ol>\r\n                    <\/ol>\r\n            <script type=\"application\/ld+json\">\r\n        {\r\n            \"@context\": \"http:\/\/schema.org\",\r\n            \"@type\": \"BreadcrumbList\",\r\n            \"itemListElement\":\r\n            [\r\n                            ]\r\n        }\r\n    <\/script>\r\n        <style type=\"text\/css\">\r\n        .breadcrumb-container {\r\n            font-size: 13px;\r\n        }\r\n        .breadcrumb-container ul {\r\n            margin: 0;\r\n            padding: 0;\r\n        }\r\n        .breadcrumb-container li {\r\n            box-sizing: unset;\r\n            display: inline-block;\r\n            margin: 0;\r\n            padding: 0;\r\n        }\r\n        .breadcrumb-container li a {\r\n            box-sizing: unset;\r\n            padding: 0 10px;\r\n        }\r\n        .breadcrumb-container {\r\n            font-size: 18px  !important;\r\n            padding: 10px;\r\n            margin: 10px;\r\n        }\r\n        .breadcrumb-container li a{\r\n            color:  #006ab4  !important;\r\n            font-size:  18px  !important;\r\n            line-height:  18px  !important;\r\n        }\r\n        .breadcrumb-container li .separator {\r\n            color: #1C1C1C  !important;\r\n            font-size:  18px  !important;\r\n        }\r\n                    .breadcrumb-container li:last-child .separator {\r\n                display: none;\r\n            }\r\n                <\/style>\r\n        <style type=\"text\/css\">\r\n        .breadcrumb-container.theme1 li {\r\n            margin: 0;\r\n            padding: 0;\r\n        }\r\n        .breadcrumb-container.theme1 a {\r\n            background: ;\r\n            display: inline-block;\r\n            margin: 0 5px;\r\n            padding: 5px 10px;\r\n            text-decoration: none;\r\n        }\r\n    <\/style>\r\n        <style type=\"text\/css\">\r\n        .breadcrumb-container{}\r\n.breadcrumb-container ul{}\r\n.breadcrumb-container li{}\r\n.breadcrumb-container a{}\r\n.breadcrumb-container .separator{}\r\n    <\/style>\r\n    <script>\r\n            <\/script>\r\n            <\/div>\n<\/div>[\/vc_column][\/vc_row][vc_row full_width=&#8220;stretch_row&#8220; kswr_row_top_decor_enabled=&#8220;false&#8220; kswr_row_bottom_decor_enabled=&#8220;false&#8220;][vc_column width=&#8220;1\/3&#8243;]<div class=\"kswr-mdnflb-container kswr-flip-container\"  data-columnposition=\"center\" data-rowposition=\"middle\"  data-layout=\"toright\" style=\"min-height:274px;\">\r\n\t\t\t\t  <div class=\"kswr-mdnflb-card\">\r\n\t\t\t\t    <div class=\"kswr-mdnflb-front kswr-mdnflb-figure\" style=\"border:0px none transparent;border-width:0px; padding-top:0px;padding-left:20px;padding-right:20px;padding-bottom:0px;border-radius:0px;min-height:274px;\"><div class=\"kswr-element-back-overlay\" style=\"background-image:url(https:\/\/w-wie-umwelt.de\/wp-content\/uploads\/2019\/04\/Zubehoer.png);background-repeat:no-repeat; background-position:center center; background-size:cover;\"><div class=\"kswr-elem-overlay-opac\" style=\"background-color:;opacity:0;\"><\/div><\/div><div class=\"kswr-mdnflb-insider kswr-flip-insider kswr-flipmodern-insider\">\r\n\t\t\t\t\t    \t<div class=\"kswr-mdnflb-front-icon\" style=\"margin-top:0px;margin-bottom:0px;\"><div class=\"mdnflb-front-iconar\" style=\"font-size:32px; width:52px; height:52px; line-height:52px; border-radius:0px; background-color:transparent;border:0px none transparent;border-width:0px;\"><i class=\"\"  style=\"color:#333;background-clip: inherit;background-color: inherit; -webkit-text-fill-color:#333;\"><\/i><\/div><\/div>\t\r\n\t\t\t\t\t    \t<div class=\"kswr-mdnflb-front-title kswr-shortcode-element  \" data-fontsettings=\"font-size:21px;\" style=\"font-size:21px; color:#333333; margin-top:158px;margin-bottom:0px;\">\u00d6lanalyse<\/div>\t\r\n\t\t\t\t\t    \t<div class=\"kswr-mdnflb-front-subtitle kswr-shortcode-element  \" data-fontsettings=\"font-size:16px;\" style=\"font-size:16px;  color:#888888; margin-top:0px;margin-bottom:0px;\"><\/div>\t\t\t    \t\r\n\t\t\t\t    \t<\/div>\r\n\t\t\t\t    <\/div>\r\n\t\t\t\t    \r\n\t\t\t\t    <div class=\"kswr-mdnflb-back kswr-mdnflb-figure\" style=\"background-color:#090700;border:0px none transparent;border-width:0px; padding-top:0px;padding-left:20px;padding-right:20px;padding-bottom:0px;border-radius:0px\"><div class=\"kswr-mdnflb-insider kswr-flip-insider kswr-flipmodern-insider\">\r\n\t\t\t\t\t    \t<div class=\"kswr-mdnflb-back-title kswr-shortcode-element  \" data-fontsettings=\"font-size:24px;line-height:50px;\" style=\"font-size:24px;line-height:50px; font-style:normal;color:#fefefe;margin-top:0px;margin-bottom:0px;\">\u00d6lanalyse<\/div>\t\r\n\t\t\t\t\t    \t<div class=\"kswr-mdnflb-back-subtitle kswr-shortcode-element  \" data-fontsettings=\"font-size:18px;\" style=\"font-size:18px; font-weight:100;font-style:normal;color:#fefefe;margin-top:0px;margin-bottom:0px;\">Mit Hilfe unseres Analysekoffers k\u00f6nnen Sie im Handumdrehen selbst die Qualit\u00e4t des \u00d6ls Ihrer Maschinen und Anlagen pr\u00fcfen. M\u00f6chten Sie sich nicht die H\u00e4nde schmutzig machen, erledigen wir das gern f\u00fcr Sie und lassen die Probe vom Hersteller pr\u00fcfen. Sie erhalten im Anschluss einen ausf\u00fchrlichen Bericht.<\/div>\t\r\n\t\t\t\t\t    \t\r\n\t\t\t\t\t    <\/div>\t\r\n\t\t\t\t    <\/div>\r\n\t\t\t\t  <\/div>\r\n\t\t\t\t<\/div>[\/vc_column][vc_column width=&#8220;1\/3&#8243;]<div class=\"kswr-mdnflb-container kswr-flip-container\"  data-columnposition=\"center\" data-rowposition=\"middle\"  data-layout=\"toright\" style=\"min-height:274px;\">\r\n\t\t\t\t  <div class=\"kswr-mdnflb-card\">\r\n\t\t\t\t    <div class=\"kswr-mdnflb-front kswr-mdnflb-figure\" style=\"border:0px none transparent;border-width:0px; padding-top:0px;padding-left:20px;padding-right:20px;padding-bottom:0px;border-radius:0px;min-height:274px;\"><div class=\"kswr-element-back-overlay\" style=\"background-image:url(https:\/\/w-wie-umwelt.de\/wp-content\/uploads\/2019\/04\/Dienstleistungen-Installation.png);background-repeat:no-repeat; background-position:center center; background-size:cover;\"><div class=\"kswr-elem-overlay-opac\" style=\"background-color:;opacity:0;\"><\/div><\/div><div class=\"kswr-mdnflb-insider kswr-flip-insider kswr-flipmodern-insider\">\r\n\t\t\t\t\t    \t<div class=\"kswr-mdnflb-front-icon\" style=\"margin-top:0px;margin-bottom:0px;\"><div class=\"mdnflb-front-iconar\" style=\"font-size:32px; width:52px; height:52px; line-height:52px; border-radius:0px; background-color:transparent;border:0px none transparent;border-width:0px;\"><i class=\"\"  style=\"color:#333;background-clip: inherit;background-color: inherit; -webkit-text-fill-color:#333;\"><\/i><\/div><\/div>\t\r\n\t\t\t\t\t    \t<div class=\"kswr-mdnflb-front-title kswr-shortcode-element  \" data-fontsettings=\"font-size:21px;\" style=\"font-size:21px; color:#333333; margin-top:158px;margin-bottom:0px;\">Installation<\/div>\t\r\n\t\t\t\t\t    \t<div class=\"kswr-mdnflb-front-subtitle kswr-shortcode-element  \" data-fontsettings=\"font-size:16px;\" style=\"font-size:16px;  color:#888888; margin-top:0px;margin-bottom:0px;\"><\/div>\t\t\t    \t\r\n\t\t\t\t    \t<\/div>\r\n\t\t\t\t    <\/div>\r\n\t\t\t\t    \r\n\t\t\t\t    <div class=\"kswr-mdnflb-back kswr-mdnflb-figure\" style=\"background-color:#090700;border:0px none transparent;border-width:0px; padding-top:0px;padding-left:20px;padding-right:20px;padding-bottom:0px;border-radius:0px\"><div class=\"kswr-mdnflb-insider kswr-flip-insider kswr-flipmodern-insider\">\r\n\t\t\t\t\t    \t<div class=\"kswr-mdnflb-back-title kswr-shortcode-element  \" data-fontsettings=\"font-size:24px;line-height:50px;\" style=\"font-size:24px;line-height:50px; font-style:normal;color:#fefefe;margin-top:0px;margin-bottom:0px;\">Installation<\/div>\t\r\n\t\t\t\t\t    \t<div class=\"kswr-mdnflb-back-subtitle kswr-shortcode-element  \" data-fontsettings=\"font-size:18px;\" style=\"font-size:18px; font-weight:100;font-style:normal;color:#fefefe;margin-top:0px;margin-bottom:0px;\">Sie ben\u00f6tigen Unterst\u00fctzung bei der Installation unsrer Produkte? Nehmen Sie einfach Kontakt zu uns auf. Unsere qualifizierten Monteure helfen Ihnen gern.<\/div>\t\r\n\t\t\t\t\t    \t\r\n\t\t\t\t\t    <\/div>\t\r\n\t\t\t\t    <\/div>\r\n\t\t\t\t  <\/div>\r\n\t\t\t\t<\/div>[\/vc_column][vc_column width=&#8220;1\/3&#8243;]<div class=\"kswr-mdnflb-container kswr-flip-container\"  data-columnposition=\"center\" data-rowposition=\"middle\"  data-layout=\"toright\" style=\"min-height:274px;\">\r\n\t\t\t\t  <div class=\"kswr-mdnflb-card\">\r\n\t\t\t\t    <div class=\"kswr-mdnflb-front kswr-mdnflb-figure\" style=\"border:0px none transparent;border-width:0px; padding-top:0px;padding-left:20px;padding-right:20px;padding-bottom:0px;border-radius:0px;min-height:274px;\"><div class=\"kswr-element-back-overlay\" style=\"background-image:url(https:\/\/w-wie-umwelt.de\/wp-content\/uploads\/2019\/04\/Dienstleistung-1.png);background-repeat:no-repeat; background-position:center center; background-size:cover;\"><div class=\"kswr-elem-overlay-opac\" style=\"background-color:;opacity:0;\"><\/div><\/div><div class=\"kswr-mdnflb-insider kswr-flip-insider kswr-flipmodern-insider\">\r\n\t\t\t\t\t    \t<div class=\"kswr-mdnflb-front-icon\" style=\"margin-top:0px;margin-bottom:0px;\"><div class=\"mdnflb-front-iconar\" style=\"font-size:32px; width:52px; height:52px; line-height:52px; border-radius:0px; background-color:transparent;border:0px none transparent;border-width:0px;\"><i class=\"\"  style=\"color:#333;background-clip: inherit;background-color: inherit; -webkit-text-fill-color:#333;\"><\/i><\/div><\/div>\t\r\n\t\t\t\t\t    \t<div class=\"kswr-mdnflb-front-title kswr-shortcode-element  \" data-fontsettings=\"font-size:21px;\" style=\"font-size:21px; color:#333333; margin-top:158px;margin-bottom:0px;\">Engineering<\/div>\t\r\n\t\t\t\t\t    \t<div class=\"kswr-mdnflb-front-subtitle kswr-shortcode-element  \" data-fontsettings=\"font-size:16px;\" style=\"font-size:16px;  color:#888888; margin-top:0px;margin-bottom:0px;\"><\/div>\t\t\t    \t\r\n\t\t\t\t    \t<\/div>\r\n\t\t\t\t    <\/div>\r\n\t\t\t\t    \r\n\t\t\t\t    <div class=\"kswr-mdnflb-back kswr-mdnflb-figure\" style=\"background-color:#090700;border:0px none transparent;border-width:0px; padding-top:0px;padding-left:20px;padding-right:20px;padding-bottom:0px;border-radius:0px\"><div class=\"kswr-mdnflb-insider kswr-flip-insider kswr-flipmodern-insider\">\r\n\t\t\t\t\t    \t<div class=\"kswr-mdnflb-back-title kswr-shortcode-element  \" data-fontsettings=\"font-size:24px;line-height:50px;\" style=\"font-size:24px;line-height:50px; font-style:normal;color:#fefefe;margin-top:0px;margin-bottom:0px;\">Engineering<\/div>\t\r\n\t\t\t\t\t    \t<div class=\"kswr-mdnflb-back-subtitle kswr-shortcode-element  \" data-fontsettings=\"font-size:18px;\" style=\"font-size:18px; font-weight:100;font-style:normal;color:#fefefe;margin-top:0px;margin-bottom:0px;\">Ihr Vorhaben stellt Anforderungen, die von den Standardprodukten nicht erf\u00fcllt werden oder Sie ben\u00f6tigen Anpassungen, um die Systeme besser in Ihre Infrastruktur integrieren zu k\u00f6nnen? Wir sind darauf spezialisiert, Entwicklungsvorhaben branchenunabh\u00e4ngig umzusetzen. Nehmen Sie einfach Kontakt zu uns auf und vereinbaren ein Treffen mit unserem Entwicklungsteam.<\/div>\t\r\n\t\t\t\t\t    \t\r\n\t\t\t\t\t    <\/div>\t\r\n\t\t\t\t    <\/div>\r\n\t\t\t\t  <\/div>\r\n\t\t\t\t<\/div>[\/vc_column][\/vc_row]<\/p>\n","protected":false},"excerpt":{"rendered":"<p>Hier finden Sie Informationen zu den von uns angebotenen Dienstleistungen.<\/p>\n","protected":false},"author":1,"featured_media":0,"parent":15,"menu_order":0,"comment_status":"closed","ping_status":"closed","template":"","meta":{"footnotes":""},"class_list":["post-518","page","type-page","status-publish","hentry"],"_links":{"self":[{"href":"https:\/\/w-wie-umwelt.de\/index.php\/wp-json\/wp\/v2\/pages\/518","targetHints":{"allow":["GET"]}}],"collection":[{"href":"https:\/\/w-wie-umwelt.de\/index.php\/wp-json\/wp\/v2\/pages"}],"about":[{"href":"https:\/\/w-wie-umwelt.de\/index.php\/wp-json\/wp\/v2\/types\/page"}],"author":[{"embeddable":true,"href":"https:\/\/w-wie-umwelt.de\/index.php\/wp-json\/wp\/v2\/users\/1"}],"replies":[{"embeddable":true,"href":"https:\/\/w-wie-umwelt.de\/index.php\/wp-json\/wp\/v2\/comments?post=518"}],"version-history":[{"count":52,"href":"https:\/\/w-wie-umwelt.de\/index.php\/wp-json\/wp\/v2\/pages\/518\/revisions"}],"predecessor-version":[{"id":2421,"href":"https:\/\/w-wie-umwelt.de\/index.php\/wp-json\/wp\/v2\/pages\/518\/revisions\/2421"}],"up":[{"embeddable":true,"href":"https:\/\/w-wie-umwelt.de\/index.php\/wp-json\/wp\/v2\/pages\/15"}],"wp:attachment":[{"href":"https:\/\/w-wie-umwelt.de\/index.php\/wp-json\/wp\/v2\/media?parent=518"}],"curies":[{"name":"wp","href":"https:\/\/api.w.org\/{rel}","templated":true}]}}