{"id":519,"date":"2019-03-13T12:13:10","date_gmt":"2019-03-13T11:13:10","guid":{"rendered":"https:\/\/w-wie-umwelt.de\/?page_id=519"},"modified":"2019-05-15T14:17:40","modified_gmt":"2019-05-15T12:17:40","slug":"zubehoer-3","status":"publish","type":"page","link":"https:\/\/w-wie-umwelt.de\/index.php\/produkte\/zubehoer-3\/","title":{"rendered":"Zubeh\u00f6r"},"content":{"rendered":"<p>[vc_row full_width=&#8220;stretch_row&#8220; awb_type=&#8220;image&#8220; awb_image_background_position=&#8220;50% 50%&#8220; awb_color=&#8220;rgba(28,28,28,0.36)&#8220; awb_image=&#8220;1894&#8243; kswr_row_top_decor_enabled=&#8220;false&#8220; kswr_row_bottom_decor_enabled=&#8220;false&#8220; el_class=&#8220;row-header&#8220;][vc_column kswr_column_minheight_enable=&#8220;on&#8220; kswr_column_minheight=&#8220;500&#8243; el_class=&#8220;header-pages&#8220;]<div class=\"fl_custom_text__block vc_custom_1556181113183 h1-header\" style=font-size:70px; ><h1 style=\"text-align: center;\">Zubeh\u00f6r<\/h1>\n<\/div>[\/vc_column][\/vc_row][vc_row full_width=&#8220;stretch_row&#8220; kswr_row_top_decor_enabled=&#8220;false&#8220; kswr_row_bottom_decor_enabled=&#8220;false&#8220; css=&#8220;.vc_custom_1556174467316{margin-bottom: 90px !important;}&#8220;][vc_column]<div class=\"fl_custom_text__block\"  ><p style=\"text-align: center;\">        <div class=\"breadcrumb-container theme1\">\r\n                    <ol>\r\n                    <\/ol>\r\n            <script type=\"application\/ld+json\">\r\n        {\r\n            \"@context\": \"http:\/\/schema.org\",\r\n            \"@type\": \"BreadcrumbList\",\r\n            \"itemListElement\":\r\n            [\r\n                            ]\r\n        }\r\n    <\/script>\r\n        <style type=\"text\/css\">\r\n        .breadcrumb-container {\r\n            font-size: 13px;\r\n        }\r\n        .breadcrumb-container ul {\r\n            margin: 0;\r\n            padding: 0;\r\n        }\r\n        .breadcrumb-container li {\r\n            box-sizing: unset;\r\n            display: inline-block;\r\n            margin: 0;\r\n            padding: 0;\r\n        }\r\n        .breadcrumb-container li a {\r\n            box-sizing: unset;\r\n            padding: 0 10px;\r\n        }\r\n        .breadcrumb-container {\r\n            font-size: 18px  !important;\r\n            padding: 10px;\r\n            margin: 10px;\r\n        }\r\n        .breadcrumb-container li a{\r\n            color:  #006ab4  !important;\r\n            font-size:  18px  !important;\r\n            line-height:  18px  !important;\r\n        }\r\n        .breadcrumb-container li .separator {\r\n            color: #1C1C1C  !important;\r\n            font-size:  18px  !important;\r\n        }\r\n                    .breadcrumb-container li:last-child .separator {\r\n                display: none;\r\n            }\r\n                <\/style>\r\n        <style type=\"text\/css\">\r\n        .breadcrumb-container.theme1 li {\r\n            margin: 0;\r\n            padding: 0;\r\n        }\r\n        .breadcrumb-container.theme1 a {\r\n            background: ;\r\n            display: inline-block;\r\n            margin: 0 5px;\r\n            padding: 5px 10px;\r\n            text-decoration: none;\r\n        }\r\n    <\/style>\r\n        <style type=\"text\/css\">\r\n        .breadcrumb-container{}\r\n.breadcrumb-container ul{}\r\n.breadcrumb-container li{}\r\n.breadcrumb-container a{}\r\n.breadcrumb-container .separator{}\r\n    <\/style>\r\n    <script>\r\n            <\/script>\r\n            <\/div>\n<\/div>[\/vc_column][\/vc_row][vc_row full_width=&#8220;stretch_row&#8220; full_height=&#8220;yes&#8220; equal_height=&#8220;yes&#8220; kswr_row_top_decor_enabled=&#8220;false&#8220; kswr_row_bottom_decor_enabled=&#8220;false&#8220; css=&#8220;.vc_custom_1556104993201{margin-top: 0px !important;}&#8220;][vc_column width=&#8220;1\/2&#8243; css=&#8220;.vc_custom_1556104563718{margin-top: 30px !important;}&#8220;][vc_single_image image=&#8220;1283&#8243; img_size=&#8220;large&#8220; alignment=&#8220;center&#8220; image_mask=&#8220;&#8220; animation=&#8220;none&#8220; id=&#8220;product-image&#8220; class=&#8220;product-image&#8220; custom_responsive_option=&#8220;&#8220;][\/vc_column][vc_column width=&#8220;1\/2&#8243;]<div class=\"fl_custom_text__block vc_custom_1556863479638\"  ><p><strong>Analysekit f\u00fcr Reinheit und Wassergehalt nach ISO 4406<\/strong><\/p>\n<p>Wasser und Verunreinigungen sind in jedem hydraulischen System vorhanden. Der wichtigste Unterschied zwischen den Verschmutzungsgraden verschiedener Systeme ist die Anzahl und Gr\u00f6\u00dfe der Partikel. Jede Komponente, an der sich die Kupplungsteile relativ zueinander bewegen, ist empfindlich gegen Partikelverunreinigung. Der Empfindlichkeitsgrad h\u00e4ngt von der Funktion und dem Aufbau der Komponente ab. Wenn die durchgef\u00fchrte Filtration einem tolerierbaren Verschmutzungsgrad entspricht, arbeitet das System lange Zeit ohne Verschlei\u00dferscheinungen oder Leistungsabfall. Erfahrene hydraulische Wartungsmitarbeiter stimmen im Allgemeinen darin \u00fcberein, dass die meisten vorzeitigen Komponenten- und Systemausf\u00e4lle durch Partikelkontamination verursacht werden.<\/p>\n<p>Regelm\u00e4\u00dfige \u00dcberpr\u00fcfungen m\u00fcssen durchgef\u00fchrt werden, um die Partikelmenge im System zu ermitteln. Das Fl\u00fcssigkeitsanalyse-Kit bietet eine einfache M\u00f6glichkeit, qualitative Partikelanalysen im System durchzuf\u00fchren. Mit dem Kit werden Probleme fr\u00fchzeitig diagnostiziert, bei denen kleine Reparaturen erforderlich sind und keine umfangreichen Systeminterventionen.<\/p>\n<p>Mit Hilfe einer Analyse k\u00f6nnen wir die Verunreinigungen, den Wassergehalt und die Viskosit\u00e4t der \u00d6le \u00fcberpr\u00fcfen.<\/p>\n<\/div>[\/vc_column][vc_column][vc_empty_space height=&#8220;40px&#8220;][\/vc_column][vc_column width=&#8220;1\/2&#8243; css=&#8220;.vc_custom_1556104591722{margin-top: 30px !important;}&#8220;][vc_single_image image=&#8220;2079&#8243; img_size=&#8220;large&#8220; alignment=&#8220;center&#8220; animation=&#8220;none&#8220; id=&#8220;product-image&#8220; class=&#8220;product-image&#8220; vc_css=&#8220;.vc_custom_1556105312475{margin-top: 30px !important;}&#8220;][\/vc_column][vc_column width=&#8220;1\/2&#8243; css=&#8220;.vc_custom_1556104834144{margin-top: 60px !important;}&#8220;]<div class=\"fl_custom_text__block\"  ><p><strong>Aquameter<\/strong><\/p>\n<p>Das Aquameter ist ein Messinstrument zur Messung der Feuchtigkeit verschiedener \u00d6lsorten. Das Ger\u00e4t ist haupts\u00e4chlich f\u00fcr die \u00dcberwachung und Wartung von Systemen gedacht, die f\u00fcr ihren Betrieb \u00d6lf\u00fcllung ben\u00f6tigen. Die Wassermenge im \u00d6l wird indirekt durch Berechnung anhand der Temperaturabh\u00e4ngigkeiten und der Wasser-in-\u00d6l-Aktivit\u00e4t bestimmt.<\/p>\n<p>Die Wasseraktivit\u00e4t ist unabh\u00e4ngig von der \u00d6lsorte, dessen Alter oder Temperatur. Sein Wert gibt den relativen Zustand des aktuellen Feuchtigkeitsniveaus im \u00d6l bis zum maximal m\u00f6glichen Wassergehalt im \u00d6l an. Der Wert 0 % bedeutet, dass das \u00d6l kein Wasser enth\u00e4lt. Der Wert 100 % bedeutet die maximale S\u00e4ttigung von Wasser in \u00d6l und dass ein Vorhandensein von freiem Wasser m\u00f6glich ist (sog. emulgiertes Wasser). Das Ger\u00e4t ist nicht f\u00fcr die Messung des emulgierten Wassers in \u00d6l ausgelegt.<\/p>\n<\/div>[\/vc_column][\/vc_row][vc_row full_width=&#8220;stretch_row&#8220; kswr_row_top_decor_enabled=&#8220;false&#8220; kswr_row_bottom_decor_enabled=&#8220;false&#8220;][vc_column width=&#8220;1\/2&#8243;][vc_single_image image=&#8220;1284&#8243; img_size=&#8220;large&#8220; alignment=&#8220;center&#8220; animation=&#8220;none&#8220; id=&#8220;product-image&#8220; class=&#8220;product-image&#8220; vc_css=&#8220;.vc_custom_1555331565671{margin-top: 30px !important;}&#8220;][\/vc_column][vc_column width=&#8220;1\/2&#8243;]<div class=\"fl_custom_text__block\"  ><table class=\"products aligncenter\" style=\"height: 577px;\" width=\"810\">\n<tbody>\n<tr>\n<td>Gr\u00f6\u00dfe (HxBxT)<\/td>\n<td>168 x 104 x 35 mm<\/td>\n<\/tr>\n<tr>\n<td>Touch-Farb-LCD-Display<\/td>\n<td>4,3&#8220; 480 x 272 Pixel<\/td>\n<\/tr>\n<tr>\n<td>Akkumulator<\/td>\n<td>LiIon 3,6 V 6700 mAh<\/td>\n<\/tr>\n<tr>\n<td>Ladezeit \u00fcber USB<\/td>\n<td>max. 10 Stunden<\/td>\n<\/tr>\n<tr>\n<td>A\/D-Wandler Aufl\u00f6sung<\/td>\n<td>11 Bit<\/td>\n<\/tr>\n<tr>\n<td>Schutzart<\/td>\n<td>IP65-Schutz (NEMA 4)<\/td>\n<\/tr>\n<tr>\n<td>Sprachen<\/td>\n<td>EN, DE, FR, ESP, RU, CZ<\/td>\n<\/tr>\n<tr>\n<td>Material des Ger\u00e4tek\u00f6rperst<\/td>\n<td>Aluminium<\/td>\n<\/tr>\n<tr>\n<td>Sondenmaterial<\/td>\n<td>Edelstahl 316L<\/td>\n<\/tr>\n<tr>\n<td>Sondenkabell\u00e4nge<\/td>\n<td>1,9 m<\/td>\n<\/tr>\n<tr>\n<td>Bereich der Wasseraktivit\u00e4t in \u00d6l<\/td>\n<td>0 &#8211; 100 %.<\/td>\n<\/tr>\n<tr>\n<td>Temperaturmessbereich<\/td>\n<td>-30 &#8211; 70 \u00b0C<\/td>\n<\/tr>\n<tr>\n<td>Genauigkeit der Wasseraktivit\u00e4t in \u00d6l Messgenauigkeit<\/td>\n<td>\u00b1 2 %<\/td>\n<\/tr>\n<tr>\n<td>Genauigkeit der Temperaturmessung<\/td>\n<td>\u00b1 1 \u00b0C<\/td>\n<\/tr>\n<tr>\n<td>Wassergehalt in \u00d6l Genauigkeit<\/td>\n<td>\u00b1 2 % oder \u00b1 2 ppm<\/td>\n<\/tr>\n<\/tbody>\n<\/table>\n<\/div>[\/vc_column][\/vc_row]<\/p>\n","protected":false},"excerpt":{"rendered":"<p>Hier finden Sie f\u00fcr die \u00d6lfiltration wichtiges Zubeh\u00f6r.<\/p>\n","protected":false},"author":1,"featured_media":0,"parent":15,"menu_order":0,"comment_status":"closed","ping_status":"closed","template":"","meta":{"footnotes":""},"class_list":["post-519","page","type-page","status-publish","hentry"],"_links":{"self":[{"href":"https:\/\/w-wie-umwelt.de\/index.php\/wp-json\/wp\/v2\/pages\/519","targetHints":{"allow":["GET"]}}],"collection":[{"href":"https:\/\/w-wie-umwelt.de\/index.php\/wp-json\/wp\/v2\/pages"}],"about":[{"href":"https:\/\/w-wie-umwelt.de\/index.php\/wp-json\/wp\/v2\/types\/page"}],"author":[{"embeddable":true,"href":"https:\/\/w-wie-umwelt.de\/index.php\/wp-json\/wp\/v2\/users\/1"}],"replies":[{"embeddable":true,"href":"https:\/\/w-wie-umwelt.de\/index.php\/wp-json\/wp\/v2\/comments?post=519"}],"version-history":[{"count":86,"href":"https:\/\/w-wie-umwelt.de\/index.php\/wp-json\/wp\/v2\/pages\/519\/revisions"}],"predecessor-version":[{"id":2399,"href":"https:\/\/w-wie-umwelt.de\/index.php\/wp-json\/wp\/v2\/pages\/519\/revisions\/2399"}],"up":[{"embeddable":true,"href":"https:\/\/w-wie-umwelt.de\/index.php\/wp-json\/wp\/v2\/pages\/15"}],"wp:attachment":[{"href":"https:\/\/w-wie-umwelt.de\/index.php\/wp-json\/wp\/v2\/media?parent=519"}],"curies":[{"name":"wp","href":"https:\/\/api.w.org\/{rel}","templated":true}]}}